{"id":12474,"date":"2018-07-07T07:07:26","date_gmt":"2018-07-07T11:07:26","guid":{"rendered":"https:\/\/montrealdio.ca\/a-propos-du-seminaire-diocesain-de-montreal\/"},"modified":"2024-04-11T15:27:46","modified_gmt":"2024-04-11T19:27:46","slug":"a-propos-du-seminaire-diocesain-de-montreal","status":"publish","type":"page","link":"https:\/\/montrealdio.ca\/fr\/a-propos-du-seminaire-diocesain-de-montreal\/","title":{"rendered":"\u00c0 PROPOS DU S\u00c9MINAIRE DIOC\u00c9SAIN DE MONTR\u00c9AL"},"content":{"rendered":"<div class=\"wpb-content-wrapper\"><p>[vc_row full_width=\u00a0\u00bbstretch_row\u00a0\u00bb css=\u00a0\u00bb.vc_custom_1530947744751{padding-top: 35px !important;padding-bottom: 25px !important;}\u00a0\u00bb][vc_column][stm_title title_tag=\u00a0\u00bbdiv\u00a0\u00bb title_color=\u00a0\u00bbcustom\u00a0\u00bb page_title_enable=\u00a0\u00bbtrue\u00a0\u00bb title_font_size=\u00a0\u00bb36px\u00a0\u00bb title_line_height=\u00a0\u00bb54px\u00a0\u00bb title_color_custom=\u00a0\u00bb#000000&Prime; title_margin_b=\u00a0\u00bb21px\u00a0\u00bb title_margin_t=\u00a0\u00bb17px\u00a0\u00bb title=\u00a0\u00bbABOUT DIO\u00a0\u00bb][\/stm_title][vc_column_text css=\u00a0\u00bb.vc_custom_1702578377699{margin-bottom: 29px !important;}\u00a0\u00bb]<span style=\"line-height: 36px; font-size: 20px; color: #000000;\">Le S\u00e9minaire dioc\u00e9sain un institut th\u00e9ologique associ\u00e9 \u00e0 l\u2019une des principales universit\u00e9s du Canada, en plus d\u2019\u00eatre une communaut\u00e9 cr\u00e9ative d\u2019apprentissage qui, bien qu\u2019elle soit enracin\u00e9e dans la tradition anglicane, permet de faire des \u00e9tudes dans un contexte \u0153cum\u00e9nique. Gr\u00e2ce \u00e0 des programmes sur place et \u00e0 distance, nous offrons une formation th\u00e9ologique qui pr\u00e9pare les \u00e9tudiantes et \u00e9tudiants de tous les milieux \u00e0 un minist\u00e8re fid\u00e8le et cr\u00e9atif dans l\u2019\u00c9glise. <\/span>[\/vc_column_text][vc_row_inner][vc_column_inner width=\u00a0\u00bb1\/3&Prime; css=\u00a0\u00bb.vc_custom_1473418238313{margin-bottom: 30px !important;}\u00a0\u00bb][stm_testimonials stm_testimonial_type=\u00a0\u00bbsingle_static\u00a0\u00bb]Notre \u00c9glise a besoin de pasteures et de pasteurs qui sont \u00e0 la fois capables de faire preuve de compassion et de mener une r\u00e9flexion th\u00e9ologique s\u00e9rieuse. C\u2019est exactement ce que deviennent les dipl\u00f4m\u00e9s du S\u00e9minaire dioc\u00e9sain de Montr\u00e9al.<\/p>\n<p>-Pasteur Bruce Myers, 2005, \u00e9v\u00eaque anglican de Qu\u00e9bec[\/stm_testimonials][\/vc_column_inner][vc_column_inner width=\u00a0\u00bb2\/3&Prime;][vc_column_text]<span style=\"line-height: 36px; font-size: 20px; color: #000000;\">Depuis 1880, le S\u00e9minaire est affili\u00e9 \u00e0 l\u2019Universit\u00e9 McGill. Les \u00e9tudiantes et \u00e9tudiants de nos programmes de baccalaur\u00e9at en th\u00e9ologie, de ma\u00eetrise en th\u00e9ologie et de ma\u00eetrise en th\u00e9ologie sacr\u00e9e font partie int\u00e9grante de la population \u00e9tudiante de McGill et ont acc\u00e8s \u00e0 tous les avantages li\u00e9s \u00e0 la fr\u00e9quentation de cette universit\u00e9, qui est l\u2019une des plus grandes au Canada. Nous offrons \u00e9galement des programmes ind\u00e9pendants de McGill, en pr\u00e9sentiel et \u00e0 distance, qui pr\u00e9parent au minist\u00e8re.<\/span>[\/vc_column_text][\/vc_column_inner][\/vc_row_inner][\/vc_column][\/vc_row][vc_row full_width=\u00a0\u00bbstretch_row\u00a0\u00bb css=\u00a0\u00bb.vc_custom_1473418293819{padding-top: 35px !important;padding-bottom: 25px !important;background-color: #e3e7ea !important;}\u00a0\u00bb][vc_column][vc_row_inner][vc_column_inner width=\u00a0\u00bb2\/3&Prime; css=\u00a0\u00bb.vc_custom_1473418238313{margin-bottom: 30px !important;}\u00a0\u00bb][vc_column_text]Nous travaillons en \u00e9troite collaboration avec le S\u00e9minaire presbyt\u00e9rien, au sein d\u2019un consortium \u0153cum\u00e9nique appel\u00e9 <strong>l\u2019\u00c9cole de th\u00e9ologie de Montr\u00e9al<\/strong>. Dans la quasi-totalit\u00e9 de nos cours, nos \u00e9tudiantes et \u00e9tudiants b\u00e9n\u00e9ficient de l\u2019apport d\u2019un corps professoral et de cohortes \u00e9tudiantes provenant d\u2019un vaste \u00e9ventail de traditions chr\u00e9tiennes.<\/p>\n<p>Fond\u00e9 par un \u00e9v\u00eaque anglican de Montr\u00e9al, le S\u00e9minaire dioc\u00e9sain entretient des relations \u00e9troites et chaleureuses avec le dioc\u00e8se de Montr\u00e9al. Cela dit, depuis longtemps, nos \u00e9tudiantes et \u00e9tudiants proviennent d\u2019un peu partout au Canada et dans le monde. Si vous souhaitez vous joindre \u00e0 nous, nous serions ravis de faire votre connaissance.[\/vc_column_text][\/vc_column_inner][vc_column_inner width=\u00a0\u00bb1\/3&Prime;][stm_testimonials stm_testimonial_type=\u00a0\u00bbsingle_static\u00a0\u00bb]Il est important d\u2019aller au S\u00e9minaire \u00e0 Montr\u00e9al, l\u2019une des villes les plus la\u00efques d\u2019Am\u00e9rique du Nord. Vous ne pouvez pas supposer que tout le monde va \u00e0 l\u2019\u00e9glise ou est favorable \u00e0 la religion, ce qui en fait un bon endroit pour apprendre ce que signifie vraiment \u00eatre chr\u00e9tien.<\/p>\n<p>-Pasteur Tim Smart, 1987[\/stm_testimonials][\/vc_column_inner][\/vc_row_inner][\/vc_column][\/vc_row]<\/p>\n<\/div>","protected":false},"excerpt":{"rendered":"<p>[vc_row full_width=\u00a0\u00bbstretch_row\u00a0\u00bb css=\u00a0\u00bb.vc_custom_1530947744751{padding-top: 35px !important;padding-bottom: 25px !important;}\u00a0\u00bb][vc_column][stm_title title_tag=\u00a0\u00bbdiv\u00a0\u00bb title_color=\u00a0\u00bbcustom\u00a0\u00bb page_title_enable=\u00a0\u00bbtrue\u00a0\u00bb title_font_size=\u00a0\u00bb36px\u00a0\u00bb title_line_height=\u00a0\u00bb54px\u00a0\u00bb title_color_custom=\u00a0\u00bb#000000&Prime; title_margin_b=\u00a0\u00bb21px\u00a0\u00bb title_margin_t=\u00a0\u00bb17px\u00a0\u00bb title=\u00a0\u00bbABOUT DIO\u00a0\u00bb][\/stm_title][vc_column_text css=\u00a0\u00bb.vc_custom_1702578377699{margin-bottom: 29px !important;}\u00a0\u00bb]Le S\u00e9minaire dioc\u00e9sain un institut th\u00e9ologique associ\u00e9 \u00e0 l\u2019une des principales universit\u00e9s du Canada, en plus d\u2019\u00eatre une communaut\u00e9 cr\u00e9ative d\u2019apprentissage qui, bien qu\u2019elle soit enracin\u00e9e dans la tradition anglicane, permet de faire des \u00e9tudes dans [&hellip;]<\/p>\n","protected":false},"author":1,"featured_media":13124,"parent":0,"menu_order":1,"comment_status":"closed","ping_status":"closed","template":"","meta":{"om_disable_all_campaigns":false,"_monsterinsights_skip_tracking":false,"_monsterinsights_sitenote_active":false,"_monsterinsights_sitenote_note":"","_monsterinsights_sitenote_category":0,"footnotes":""},"class_list":["post-12474","page","type-page","status-publish","has-post-thumbnail","hentry"],"yoast_head":"<!-- This site is optimized with the Yoast SEO plugin v27.3 - https:\/\/yoast.com\/product\/yoast-seo-wordpress\/ -->\n<title>\u00c0 propos du S\u00e9minaire dioc\u00e9sain de Montr\u00e9al<\/title>\n<meta name=\"description\" content=\"D\u00e9couvrez l&#039;histoire du S\u00e9minaire dioc\u00e9sain de Montr\u00e9al et son engagement dans l&#039;\u00e9ducation th\u00e9ologique. D\u00e9couvrez notre mission, notre corps professoral et notre communaut\u00e9 dynamique.\" \/>\n<meta name=\"robots\" content=\"index, follow, max-snippet:-1, max-image-preview:large, max-video-preview:-1\" \/>\n<link rel=\"canonical\" href=\"https:\/\/montrealdio.ca\/fr\/a-propos-du-seminaire-diocesain-de-montreal\/\" \/>\n<meta property=\"og:locale\" content=\"fr_FR\" \/>\n<meta property=\"og:type\" content=\"article\" \/>\n<meta property=\"og:title\" content=\"\u00c0 propos du S\u00e9minaire dioc\u00e9sain de Montr\u00e9al\" \/>\n<meta property=\"og:description\" content=\"D\u00e9couvrez l&#039;histoire du S\u00e9minaire dioc\u00e9sain de Montr\u00e9al et son engagement dans l&#039;\u00e9ducation th\u00e9ologique. D\u00e9couvrez notre mission, notre corps professoral et notre communaut\u00e9 dynamique.\" \/>\n<meta property=\"og:url\" content=\"https:\/\/montrealdio.ca\/fr\/a-propos-du-seminaire-diocesain-de-montreal\/\" \/>\n<meta property=\"og:site_name\" content=\"Montreal Dio\" \/>\n<meta property=\"article:modified_time\" content=\"2024-04-11T19:27:46+00:00\" \/>\n<meta name=\"twitter:card\" content=\"summary_large_image\" \/>\n<meta name=\"twitter:label1\" content=\"Dur\u00e9e de lecture estim\u00e9e\" \/>\n\t<meta name=\"twitter:data1\" content=\"3 minutes\" \/>\n<script type=\"application\/ld+json\" class=\"yoast-schema-graph\">{\"@context\":\"https:\\\/\\\/schema.org\",\"@graph\":[{\"@type\":\"WebPage\",\"@id\":\"https:\\\/\\\/montrealdio.ca\\\/fr\\\/a-propos-du-seminaire-diocesain-de-montreal\\\/\",\"url\":\"https:\\\/\\\/montrealdio.ca\\\/fr\\\/a-propos-du-seminaire-diocesain-de-montreal\\\/\",\"name\":\"\u00c0 propos du S\u00e9minaire dioc\u00e9sain de Montr\u00e9al\",\"isPartOf\":{\"@id\":\"https:\\\/\\\/montrealdio.ca\\\/#website\"},\"primaryImageOfPage\":{\"@id\":\"https:\\\/\\\/montrealdio.ca\\\/fr\\\/a-propos-du-seminaire-diocesain-de-montreal\\\/#primaryimage\"},\"image\":{\"@id\":\"https:\\\/\\\/montrealdio.ca\\\/fr\\\/a-propos-du-seminaire-diocesain-de-montreal\\\/#primaryimage\"},\"thumbnailUrl\":\"https:\\\/\\\/montrealdio.ca\\\/wp-content\\\/uploads\\\/2024\\\/07\\\/Creation-sans-titre40.png\",\"datePublished\":\"2018-07-07T11:07:26+00:00\",\"dateModified\":\"2024-04-11T19:27:46+00:00\",\"description\":\"D\u00e9couvrez l'histoire du S\u00e9minaire dioc\u00e9sain de Montr\u00e9al et son engagement dans l'\u00e9ducation th\u00e9ologique. D\u00e9couvrez notre mission, notre corps professoral et notre communaut\u00e9 dynamique.\",\"breadcrumb\":{\"@id\":\"https:\\\/\\\/montrealdio.ca\\\/fr\\\/a-propos-du-seminaire-diocesain-de-montreal\\\/#breadcrumb\"},\"inLanguage\":\"fr-FR\",\"potentialAction\":[{\"@type\":\"ReadAction\",\"target\":[\"https:\\\/\\\/montrealdio.ca\\\/fr\\\/a-propos-du-seminaire-diocesain-de-montreal\\\/\"]}]},{\"@type\":\"ImageObject\",\"inLanguage\":\"fr-FR\",\"@id\":\"https:\\\/\\\/montrealdio.ca\\\/fr\\\/a-propos-du-seminaire-diocesain-de-montreal\\\/#primaryimage\",\"url\":\"https:\\\/\\\/montrealdio.ca\\\/wp-content\\\/uploads\\\/2024\\\/07\\\/Creation-sans-titre40.png\",\"contentUrl\":\"https:\\\/\\\/montrealdio.ca\\\/wp-content\\\/uploads\\\/2024\\\/07\\\/Creation-sans-titre40.png\",\"width\":696,\"height\":696},{\"@type\":\"BreadcrumbList\",\"@id\":\"https:\\\/\\\/montrealdio.ca\\\/fr\\\/a-propos-du-seminaire-diocesain-de-montreal\\\/#breadcrumb\",\"itemListElement\":[{\"@type\":\"ListItem\",\"position\":1,\"name\":\"Home\",\"item\":\"https:\\\/\\\/montrealdio.ca\\\/\"},{\"@type\":\"ListItem\",\"position\":2,\"name\":\"\u00c0 PROPOS DU S\u00c9MINAIRE DIOC\u00c9SAIN DE MONTR\u00c9AL\"}]},{\"@type\":\"WebSite\",\"@id\":\"https:\\\/\\\/montrealdio.ca\\\/#website\",\"url\":\"https:\\\/\\\/montrealdio.ca\\\/\",\"name\":\"Montreal Dio\",\"description\":\"\",\"potentialAction\":[{\"@type\":\"SearchAction\",\"target\":{\"@type\":\"EntryPoint\",\"urlTemplate\":\"https:\\\/\\\/montrealdio.ca\\\/?s={search_term_string}\"},\"query-input\":{\"@type\":\"PropertyValueSpecification\",\"valueRequired\":true,\"valueName\":\"search_term_string\"}}],\"inLanguage\":\"fr-FR\"}]}<\/script>\n<!-- \/ Yoast SEO plugin. -->","yoast_head_json":{"title":"\u00c0 propos du S\u00e9minaire dioc\u00e9sain de Montr\u00e9al","description":"D\u00e9couvrez l'histoire du S\u00e9minaire dioc\u00e9sain de Montr\u00e9al et son engagement dans l'\u00e9ducation th\u00e9ologique. D\u00e9couvrez notre mission, notre corps professoral et notre communaut\u00e9 dynamique.","robots":{"index":"index","follow":"follow","max-snippet":"max-snippet:-1","max-image-preview":"max-image-preview:large","max-video-preview":"max-video-preview:-1"},"canonical":"https:\/\/montrealdio.ca\/fr\/a-propos-du-seminaire-diocesain-de-montreal\/","og_locale":"fr_FR","og_type":"article","og_title":"\u00c0 propos du S\u00e9minaire dioc\u00e9sain de Montr\u00e9al","og_description":"D\u00e9couvrez l'histoire du S\u00e9minaire dioc\u00e9sain de Montr\u00e9al et son engagement dans l'\u00e9ducation th\u00e9ologique. D\u00e9couvrez notre mission, notre corps professoral et notre communaut\u00e9 dynamique.","og_url":"https:\/\/montrealdio.ca\/fr\/a-propos-du-seminaire-diocesain-de-montreal\/","og_site_name":"Montreal Dio","article_modified_time":"2024-04-11T19:27:46+00:00","twitter_card":"summary_large_image","twitter_misc":{"Dur\u00e9e de lecture estim\u00e9e":"3 minutes"},"schema":{"@context":"https:\/\/schema.org","@graph":[{"@type":"WebPage","@id":"https:\/\/montrealdio.ca\/fr\/a-propos-du-seminaire-diocesain-de-montreal\/","url":"https:\/\/montrealdio.ca\/fr\/a-propos-du-seminaire-diocesain-de-montreal\/","name":"\u00c0 propos du S\u00e9minaire dioc\u00e9sain de Montr\u00e9al","isPartOf":{"@id":"https:\/\/montrealdio.ca\/#website"},"primaryImageOfPage":{"@id":"https:\/\/montrealdio.ca\/fr\/a-propos-du-seminaire-diocesain-de-montreal\/#primaryimage"},"image":{"@id":"https:\/\/montrealdio.ca\/fr\/a-propos-du-seminaire-diocesain-de-montreal\/#primaryimage"},"thumbnailUrl":"https:\/\/montrealdio.ca\/wp-content\/uploads\/2024\/07\/Creation-sans-titre40.png","datePublished":"2018-07-07T11:07:26+00:00","dateModified":"2024-04-11T19:27:46+00:00","description":"D\u00e9couvrez l'histoire du S\u00e9minaire dioc\u00e9sain de Montr\u00e9al et son engagement dans l'\u00e9ducation th\u00e9ologique. D\u00e9couvrez notre mission, notre corps professoral et notre communaut\u00e9 dynamique.","breadcrumb":{"@id":"https:\/\/montrealdio.ca\/fr\/a-propos-du-seminaire-diocesain-de-montreal\/#breadcrumb"},"inLanguage":"fr-FR","potentialAction":[{"@type":"ReadAction","target":["https:\/\/montrealdio.ca\/fr\/a-propos-du-seminaire-diocesain-de-montreal\/"]}]},{"@type":"ImageObject","inLanguage":"fr-FR","@id":"https:\/\/montrealdio.ca\/fr\/a-propos-du-seminaire-diocesain-de-montreal\/#primaryimage","url":"https:\/\/montrealdio.ca\/wp-content\/uploads\/2024\/07\/Creation-sans-titre40.png","contentUrl":"https:\/\/montrealdio.ca\/wp-content\/uploads\/2024\/07\/Creation-sans-titre40.png","width":696,"height":696},{"@type":"BreadcrumbList","@id":"https:\/\/montrealdio.ca\/fr\/a-propos-du-seminaire-diocesain-de-montreal\/#breadcrumb","itemListElement":[{"@type":"ListItem","position":1,"name":"Home","item":"https:\/\/montrealdio.ca\/"},{"@type":"ListItem","position":2,"name":"\u00c0 PROPOS DU S\u00c9MINAIRE DIOC\u00c9SAIN DE MONTR\u00c9AL"}]},{"@type":"WebSite","@id":"https:\/\/montrealdio.ca\/#website","url":"https:\/\/montrealdio.ca\/","name":"Montreal Dio","description":"","potentialAction":[{"@type":"SearchAction","target":{"@type":"EntryPoint","urlTemplate":"https:\/\/montrealdio.ca\/?s={search_term_string}"},"query-input":{"@type":"PropertyValueSpecification","valueRequired":true,"valueName":"search_term_string"}}],"inLanguage":"fr-FR"}]}},"_links":{"self":[{"href":"https:\/\/montrealdio.ca\/fr\/wp-json\/wp\/v2\/pages\/12474","targetHints":{"allow":["GET"]}}],"collection":[{"href":"https:\/\/montrealdio.ca\/fr\/wp-json\/wp\/v2\/pages"}],"about":[{"href":"https:\/\/montrealdio.ca\/fr\/wp-json\/wp\/v2\/types\/page"}],"author":[{"embeddable":true,"href":"https:\/\/montrealdio.ca\/fr\/wp-json\/wp\/v2\/users\/1"}],"replies":[{"embeddable":true,"href":"https:\/\/montrealdio.ca\/fr\/wp-json\/wp\/v2\/comments?post=12474"}],"version-history":[{"count":2,"href":"https:\/\/montrealdio.ca\/fr\/wp-json\/wp\/v2\/pages\/12474\/revisions"}],"predecessor-version":[{"id":12476,"href":"https:\/\/montrealdio.ca\/fr\/wp-json\/wp\/v2\/pages\/12474\/revisions\/12476"}],"wp:featuredmedia":[{"embeddable":true,"href":"https:\/\/montrealdio.ca\/fr\/wp-json\/wp\/v2\/media\/13124"}],"wp:attachment":[{"href":"https:\/\/montrealdio.ca\/fr\/wp-json\/wp\/v2\/media?parent=12474"}],"curies":[{"name":"wp","href":"https:\/\/api.w.org\/{rel}","templated":true}]}}